{"id":952,"date":"2014-11-15T20:55:09","date_gmt":"2014-11-15T19:55:09","guid":{"rendered":"https:\/\/coma-plongee.com\/?page_id=952"},"modified":"2025-05-10T15:32:53","modified_gmt":"2025-05-10T13:32:53","slug":"liens-utiles","status":"publish","type":"page","link":"https:\/\/coma-plongee.com\/?page_id=952","title":{"rendered":"Liens utiles"},"content":{"rendered":"<div style=\"text-align: justify; padding-right: 60px; padding-left: 60px;\">\n<h1 style=\"text-align: center;\"><strong>Liens vers les sites officiels de Plong\u00e9e<\/strong><\/h1>\n<p>&nbsp;<\/p>\n<p>&nbsp;<\/p>\n<p>&nbsp;<\/p>\n<h4><img loading=\"lazy\" decoding=\"async\" class=\"alignleft wp-image-958 size-thumbnail\" src=\"https:\/\/coma-plongee.com\/wp-content\/uploads\/2020\/07\/CDVAPSM-150x150.jpg\" alt=\"CDVAPSM\" width=\"150\" height=\"150\" \/><\/h4>\n<h4>Comit\u00e9 d\u00e9partemental du Val d&#8217;Oise de plong\u00e9e sous-marine<\/h4>\n<h4 style=\"text-align: left;\"><span style=\"color: #0000ff;\">\u00a0<span style=\"text-decoration: underline;\"><a style=\"color: #0000ff; text-decoration: underline;\" href=\"http:\/\/www.ffessm95.fr\" target=\"_blank\" rel=\"noopener\">http:\/\/www.ffessm95.fr<\/a><a style=\"color: #0000ff; text-decoration: underline;\" href=\"http:\/\/www.codep95plongee.fr\/joomla2\/\u00a0\">\u00a0<\/a><\/span><\/span><\/h4>\n<p>&nbsp;<\/p>\n<p>&nbsp;<\/p>\n<p>&nbsp;<\/p>\n<p>&nbsp;<\/p>\n<p>&nbsp;<\/p>\n<h4><span dir=\"auto\"><img loading=\"lazy\" decoding=\"async\" class=\"alignleft wp-image-964 size-thumbnail\" src=\"https:\/\/coma-plongee.com\/wp-content\/uploads\/2020\/07\/FFESSM-150x150.jpg\" alt=\"FFESSM\" width=\"150\" height=\"150\" \/><\/span><\/h4>\n<h4 style=\"text-align: left;\"><span dir=\"auto\">F\u00e9d\u00e9ration fran\u00e7aise d&#8217;\u00e9tudes et de sports sous-marins<\/span><\/h4>\n<h4 style=\"text-align: left;\"><span style=\"text-decoration: underline;\"><span style=\"color: #0000ff; text-decoration: underline;\"><a style=\"color: #0000ff; text-decoration: underline;\" title=\"FFESSM\" href=\"http:\/\/ffessm.fr\/\" target=\"_blank\" rel=\"noopener\">\u00a0<span style=\"color: #0000ff; text-decoration: underline;\">http:\/\/ffessm.fr\/<\/span><\/a><\/span><\/span><\/h4>\n<p>&nbsp;<\/p>\n<p>&nbsp;<\/p>\n<p>&nbsp;<\/p>\n<p>&nbsp;<\/p>\n<h4 style=\"text-align: left;\"><img loading=\"lazy\" decoding=\"async\" class=\"alignleft wp-image-975 size-full\" src=\"https:\/\/coma-plongee.com\/wp-content\/uploads\/2020\/07\/CMAS01-1.jpg\" alt=\"CMAS01\" width=\"235\" height=\"121\" srcset=\"https:\/\/coma-plongee.com\/wp-content\/uploads\/2020\/07\/CMAS01-1.jpg 235w, https:\/\/coma-plongee.com\/wp-content\/uploads\/2020\/07\/CMAS01-1-220x113.jpg 220w\" sizes=\"auto, (max-width: 235px) 100vw, 235px\" \/>Conf\u00e9d\u00e9ration Mondiale des Activit\u00e9s Subaquatiques<\/h4>\n<h4><span style=\"text-decoration: underline;\"><span style=\"color: #0000ff; text-decoration: underline;\"><a style=\"color: #0000ff; text-decoration: underline;\" href=\"http:\/\/www.cmas.org\" target=\"_blank\" rel=\"noopener\">http:\/\/www.cmas.org<\/a><\/span><\/span><\/h4>\n<p>&nbsp;<\/p>\n<p>&nbsp;<\/p>\n<p>&nbsp;<\/p>\n<h4><img loading=\"lazy\" decoding=\"async\" class=\"alignleft wp-image-977\" src=\"https:\/\/coma-plongee.com\/wp-content\/uploads\/2020\/07\/Handisub01-300x94.jpg\" alt=\"Handisub01\" width=\"200\" height=\"63\" \/>Handisub, la plong\u00e9e accessible et adapt\u00e9e<\/h4>\n<h4><a href=\"https:\/\/plongee.ffessm.fr\/handisub\" target=\"_blank\" rel=\"noopener\"><span style=\"color: #0000ff;\"><span style=\"text-decoration: underline;\">https:\/\/www.plongee.ffessm.fr\/handisub<\/span><\/span><\/a><\/h4>\n<p>&nbsp;<\/p>\n<p>&nbsp;<\/p>\n<p>&nbsp;<\/p>\n<h4><img loading=\"lazy\" decoding=\"async\" class=\"alignleft wp-image-980 size-full\" src=\"https:\/\/coma-plongee.com\/wp-content\/uploads\/2020\/07\/Apn\u00e9e-1.jpg\" alt=\"Apn\u00e9e\" width=\"215\" height=\"78\" \/>Commission Nationale Apn\u00e9e<\/h4>\n<h4><span style=\"text-decoration: underline;\"><a href=\"http:\/\/apnee.ffessm.fr\/\" target=\"_blank\" rel=\"noopener\"><span style=\"color: #0000ff; text-decoration: underline;\">http:\/\/apnee.ffessm.fr\/<\/span><\/a><\/span><\/h4>\n<p>&nbsp;<\/p>\n<p>&nbsp;<\/p>\n<p>&nbsp;<\/p>\n<p><img loading=\"lazy\" decoding=\"async\" class=\"alignleft wp-image-985 size-medium\" src=\"https:\/\/coma-plongee.com\/wp-content\/uploads\/2020\/07\/longitude-300x103.jpg\" alt=\"longitude\" width=\"300\" height=\"103\" \/><\/p>\n<h4>Longitude 181 NATURE<\/h4>\n<h4><span style=\"text-decoration: underline;\"><span style=\"color: #0000ff;\"><a style=\"color: #0000ff; text-decoration: underline;\" href=\"http:\/\/www.longitude181.org\/\" target=\"_blank\" rel=\"noopener\">http:\/\/www.longitude181.org\/<\/a><\/span><\/span><\/h4>\n<p>&nbsp;<\/p>\n<p>L\u2019association <strong>Longitude 181 NATURE<\/strong> a pour objectif d&#8217;aller \u00e0 la d\u00e9couverte de la nature, \u00e0 la rencontre des hommes et de leurs traditions. Elle veut montrer l&#8217;extraordinaire diversit\u00e9 biologique et culturelle du monde afin que chacun puisse profiter, demain, des richesses de la plan\u00e8te, <strong>durablement et plus \u00e9quitablement<\/strong>.<\/p>\n<\/div>\n","protected":false},"excerpt":{"rendered":"<p class=\"lead\">Liens vers les sites officiels de Plong\u00e9e &nbsp; &nbsp; &nbsp; Comit\u00e9 d\u00e9partemental du Val d&#8217;Oise de plong\u00e9e sous-marine \u00a0http:\/\/www.ffessm95.fr\u00a0 &nbsp; &nbsp; &nbsp; &nbsp; &nbsp; F\u00e9d\u00e9ration fran\u00e7aise d&#8217;\u00e9tudes et de sports sous-marins \u00a0http:\/\/ffessm.fr\/ &nbsp; &nbsp; &nbsp; &nbsp; Conf\u00e9d\u00e9ration Mondiale des Activit\u00e9s Subaquatiques http:\/\/www.cmas.org &nbsp; &nbsp; &nbsp; Handisub, la plong\u00e9e accessible et adapt\u00e9e https:\/\/www.plongee.ffessm.fr\/handisub &nbsp; &nbsp; &nbsp; Commission Nationale Apn\u00e9e http:\/\/apnee.ffessm.fr\/ &nbsp;&hellip;<\/p>\n<p class=\"more-link-p\"><a class=\"btn btn-danger\" href=\"https:\/\/coma-plongee.com\/?page_id=952\">Read more &rarr;<\/a><\/p>\n","protected":false},"author":7,"featured_media":0,"parent":0,"menu_order":0,"comment_status":"closed","ping_status":"open","template":"","meta":{"footnotes":""},"class_list":["post-952","page","type-page","status-publish","hentry"],"_links":{"self":[{"href":"https:\/\/coma-plongee.com\/index.php?rest_route=\/wp\/v2\/pages\/952","targetHints":{"allow":["GET"]}}],"collection":[{"href":"https:\/\/coma-plongee.com\/index.php?rest_route=\/wp\/v2\/pages"}],"about":[{"href":"https:\/\/coma-plongee.com\/index.php?rest_route=\/wp\/v2\/types\/page"}],"author":[{"embeddable":true,"href":"https:\/\/coma-plongee.com\/index.php?rest_route=\/wp\/v2\/users\/7"}],"replies":[{"embeddable":true,"href":"https:\/\/coma-plongee.com\/index.php?rest_route=%2Fwp%2Fv2%2Fcomments&post=952"}],"version-history":[{"count":19,"href":"https:\/\/coma-plongee.com\/index.php?rest_route=\/wp\/v2\/pages\/952\/revisions"}],"predecessor-version":[{"id":4727,"href":"https:\/\/coma-plongee.com\/index.php?rest_route=\/wp\/v2\/pages\/952\/revisions\/4727"}],"wp:attachment":[{"href":"https:\/\/coma-plongee.com\/index.php?rest_route=%2Fwp%2Fv2%2Fmedia&parent=952"}],"curies":[{"name":"wp","href":"https:\/\/api.w.org\/{rel}","templated":true}]}}