{"id":95,"date":"2014-05-07T12:29:43","date_gmt":"2014-05-07T11:29:43","guid":{"rendered":"https:\/\/coma-plongee.com\/?page_id=95"},"modified":"2024-04-06T17:23:51","modified_gmt":"2024-04-06T15:23:51","slug":"formations","status":"publish","type":"page","link":"https:\/\/coma-plongee.com\/?page_id=95","title":{"rendered":"Formations"},"content":{"rendered":"<div id=\"metaslider-id-4045\" style=\"width: 100%;\" class=\"ml-slider-3-106-0 metaslider metaslider-flex metaslider-4045 ml-slider ml-slider-lightbox-2-22-0 lightbox-disabled ms-theme-default nav-hidden\" role=\"region\" aria-label=\"Bandeau Formations\" data-height=\"300\" data-width=\"880\">\n    <div id=\"metaslider_container_4045\">\n        <div id=\"metaslider_4045\">\n            <ul class='slides'>\n                <li style=\"display: block; width: 100%;\" class=\"slide-4046 ms-image \" aria-roledescription=\"slide\" data-date=\"2020-07-17 22:11:43\" data-filename=\"formations1v1-Personnalis\u00e9-800x272-797x272.jpg\" data-slide-type=\"image\"><img loading=\"lazy\" decoding=\"async\" src=\"https:\/\/coma-plongee.com\/wp-content\/uploads\/2020\/07\/formations1v1-Personnalis\u00e9-800x272-797x272.jpg\" height=\"300\" width=\"880\" alt=\"\" class=\"slider-4045 slide-4046 msDefaultImage\" title=\"formations1v1-Personnalis\u00e9-800x272\" \/><\/li>\n                <li style=\"display: none; width: 100%;\" class=\"slide-4047 ms-image \" aria-roledescription=\"slide\" data-date=\"2020-07-17 22:11:43\" data-filename=\"formations2-Personnalis\u00e9-800x272-797x272.jpg\" data-slide-type=\"image\"><img loading=\"lazy\" decoding=\"async\" src=\"https:\/\/coma-plongee.com\/wp-content\/uploads\/2020\/07\/formations2-Personnalis\u00e9-800x272-797x272.jpg\" height=\"300\" width=\"880\" alt=\"\" class=\"slider-4045 slide-4047 msDefaultImage\" title=\"formations2-Personnalis\u00e9-800x272\" \/><\/li>\n                <li style=\"display: none; width: 100%;\" class=\"slide-4048 ms-image \" aria-roledescription=\"slide\" data-date=\"2020-07-17 22:11:43\" data-filename=\"formation2-v2-Personnalis\u00e9-800x272-797x272.jpg\" data-slide-type=\"image\"><img loading=\"lazy\" decoding=\"async\" src=\"https:\/\/coma-plongee.com\/wp-content\/uploads\/2020\/07\/formation2-v2-Personnalis\u00e9-800x272-797x272.jpg\" height=\"300\" width=\"880\" alt=\"\" class=\"slider-4045 slide-4048 msDefaultImage\" title=\"formation2-v2-Personnalis\u00e9-800x272\" \/><\/li>\n            <\/ul>\n        <\/div>\n        \n    <\/div>\n<\/div>\n<div style=\"text-align: justify; padding-left: 60px; padding-right: 60px;\">\n<\/br><\/p>\n<p>Le COMA Plong\u00e9e est destin\u00e9 \u00e0 toute personne de plus de 14 ans sachant nager et d\u00e9sireuse de s\u2019initier ou de se perfectionner \u00e0 la pratique de la plong\u00e9e sous-marine et de ses disciplines associ\u00e9es. C\u2019est dans un cadre adapt\u00e9 o\u00f9 r\u00e8gne camaraderie et convivialit\u00e9 que nous vous accueillons depuis plus de 40 ans. Notre \u00e9quipe de moniteurs, tous b\u00e9n\u00e9voles, saura vous communiquer leur passion de la plong\u00e9e sous-marine en vous faisant progresser tout au long de l\u2019ann\u00e9e.<\/p>\n<p>Si vous souhaitez vous initier \u00e0 la pratique de la plong\u00e9e sous-marine, nous serons ravis de vous accompagner lors d\u2019un bapt\u00eame. Gratuit, il ne n\u00e9cessite pas de certificat m\u00e9dical. Les mineurs doivent en revanche \u00eatre munis d\u2019une autorisation parentale et \u00eatre accompagn\u00e9s par l\u2019un de ses parents. Nous vous pr\u00eatons \u00e9ventuellement les palmes, le masque et le tuba.<\/p>\n<p>Le club propose un large \u00e9ventail d\u2019activit\u00e9s dont la principale est la formation et la d\u00e9couverte de la plong\u00e9e sous-marine.<\/p>\n<p>&nbsp;<\/p>\n<h1><span style=\"color: #0080ff;\">Formations<\/span><\/h1>\n<p><!--[ezcol_1half][metaslider id=300][\/ezcol_1half] [ezcol_1half_end]--><\/p>\n<p><strong>Organisation et passage de niveaux<br \/>\n(th\u00e9orie et pratique)<\/strong><\/p>\n<p style=\"text-align: left;\">&#8211; Pr\u00e9paration et formation au niveau I<br \/>\n&#8211; Pr\u00e9paration aux niveaux II, III, IV et au brevet d&#8217;initiateur<br \/>\n&#8211; Formation au secourisme en plong\u00e9e sous-marine (R.I.F.A.P.)<br \/>\n&#8211; Formation technicien d&#8217;inspection visuelle (T.I.V.) pour le contr\u00f4le annuel des bouteilles de plong\u00e9e<!--[\/ezcol_1half_end]--><\/p>\n<p>&nbsp;<\/p>\n<h1><span style=\"color: #0080ff;\">Installations<\/span><\/h1>\n<p><!--[ezcol_1half][metaslider id=236][\/ezcol_1half]--><\/p>\n<p style=\"text-align: left;\"><strong>Nos installations au Centre Nautique d\u2019Argenteuil<\/strong><\/p>\n<p style=\"text-align: left;\">&#8211; Un bassin de 25 m\u00e8tres<\/p>\n<p style=\"text-align: left;\">&#8211; Une fosse de 10 m\u00e8tres de profondeur<\/p>\n<\/div>\n","protected":false},"excerpt":{"rendered":"<p class=\"lead\">Le COMA Plong\u00e9e est destin\u00e9 \u00e0 toute personne de plus de 14 ans sachant nager et d\u00e9sireuse de s\u2019initier ou de se perfectionner \u00e0 la pratique de la plong\u00e9e sous-marine et de ses disciplines associ\u00e9es. C\u2019est dans un cadre adapt\u00e9 o\u00f9 r\u00e8gne camaraderie et convivialit\u00e9 que nous vous accueillons depuis plus de 40 ans. Notre \u00e9quipe de moniteurs, tous b\u00e9n\u00e9voles,&hellip;<\/p>\n<p class=\"more-link-p\"><a class=\"btn btn-danger\" href=\"https:\/\/coma-plongee.com\/?page_id=95\">Read more &rarr;<\/a><\/p>\n","protected":false},"author":7,"featured_media":0,"parent":3862,"menu_order":1,"comment_status":"closed","ping_status":"closed","template":"","meta":{"footnotes":""},"class_list":["post-95","page","type-page","status-publish","hentry"],"_links":{"self":[{"href":"https:\/\/coma-plongee.com\/index.php?rest_route=\/wp\/v2\/pages\/95","targetHints":{"allow":["GET"]}}],"collection":[{"href":"https:\/\/coma-plongee.com\/index.php?rest_route=\/wp\/v2\/pages"}],"about":[{"href":"https:\/\/coma-plongee.com\/index.php?rest_route=\/wp\/v2\/types\/page"}],"author":[{"embeddable":true,"href":"https:\/\/coma-plongee.com\/index.php?rest_route=\/wp\/v2\/users\/7"}],"replies":[{"embeddable":true,"href":"https:\/\/coma-plongee.com\/index.php?rest_route=%2Fwp%2Fv2%2Fcomments&post=95"}],"version-history":[{"count":7,"href":"https:\/\/coma-plongee.com\/index.php?rest_route=\/wp\/v2\/pages\/95\/revisions"}],"predecessor-version":[{"id":4604,"href":"https:\/\/coma-plongee.com\/index.php?rest_route=\/wp\/v2\/pages\/95\/revisions\/4604"}],"up":[{"embeddable":true,"href":"https:\/\/coma-plongee.com\/index.php?rest_route=\/wp\/v2\/pages\/3862"}],"wp:attachment":[{"href":"https:\/\/coma-plongee.com\/index.php?rest_route=%2Fwp%2Fv2%2Fmedia&parent=95"}],"curies":[{"name":"wp","href":"https:\/\/api.w.org\/{rel}","templated":true}]}}