{"id":932,"date":"2014-11-13T06:39:14","date_gmt":"2014-11-13T05:39:14","guid":{"rendered":"https:\/\/coma-plongee.com\/?page_id=932"},"modified":"2025-05-21T14:07:50","modified_gmt":"2025-05-21T12:07:50","slug":"partenariat","status":"publish","type":"page","link":"https:\/\/coma-plongee.com\/?page_id=932","title":{"rendered":"Partenariats"},"content":{"rendered":"<div id=\"metaslider-id-789\" style=\"width: 100%;\" class=\"ml-slider-3-108-0 metaslider metaslider-flex metaslider-789 ml-slider has-dots-nav ml-slider-lightbox-2-22-0 lightbox-disabled ms-theme-default\" role=\"region\" aria-label=\"Lieux, horaires\" data-height=\"300\" data-width=\"880\">\n    <div id=\"metaslider_container_789\">\n        <div id=\"metaslider_789\">\n            <ul class='slides'>\n                <li style=\"display: block; width: 100%;\" class=\"slide-4040 ms-image \" aria-roledescription=\"slide\" data-date=\"2020-07-17 21:52:22\" data-filename=\"fosse-4-2-Custom-700x238-698x238.jpg\" data-slide-type=\"image\"><img loading=\"lazy\" decoding=\"async\" src=\"https:\/\/coma-plongee.com\/wp-content\/uploads\/2020\/07\/fosse-4-2-Custom-700x238-698x238.jpg\" height=\"300\" width=\"880\" alt=\"\" class=\"slider-789 slide-4040 msDefaultImage\" title=\"fosse-4-2-Custom-700x238\" \/><\/li>\n                <li style=\"display: none; width: 100%;\" class=\"slide-4041 ms-image \" aria-roledescription=\"slide\" data-date=\"2020-07-17 21:52:22\" data-filename=\"fosse-Custom-700x238-698x238.jpg\" data-slide-type=\"image\"><img loading=\"lazy\" decoding=\"async\" src=\"https:\/\/coma-plongee.com\/wp-content\/uploads\/2020\/07\/fosse-Custom-700x238-698x238.jpg\" height=\"300\" width=\"880\" alt=\"\" class=\"slider-789 slide-4041 msDefaultImage\" title=\"fosse-Custom-700x238\" \/><\/li>\n                <li style=\"display: none; width: 100%;\" class=\"slide-4042 ms-image \" aria-roledescription=\"slide\" data-date=\"2020-07-17 21:52:22\" data-filename=\"fosse4-Custom-700x238-698x238.jpg\" data-slide-type=\"image\"><img loading=\"lazy\" decoding=\"async\" src=\"https:\/\/coma-plongee.com\/wp-content\/uploads\/2020\/07\/fosse4-Custom-700x238-698x238.jpg\" height=\"300\" width=\"880\" alt=\"\" class=\"slider-789 slide-4042 msDefaultImage\" title=\"fosse4-Custom-700x238\" \/><\/li>\n            <\/ul>\n        <\/div>\n        \n    <\/div>\n<\/div>\n<div style=\"text-align: justify; padding-right: 60px; padding-left: 60px;\">\n<h1 style=\"text-align: center;\"><strong>Partenariats<\/strong><\/h1>\n<h2><strong>PLONGEQUILIBRE <\/strong><\/h2>\n<h4><strong><em>84 rue du Rocher 75008 PARIS\u00a0 pr\u00e8s de la gare St Lazare (10 minutes \u00e0 pieds ) ou M\u00e9tro Villiers<\/em><\/strong><\/h4>\n<p><img loading=\"lazy\" decoding=\"async\" class=\"alignleft wp-image-938 size-thumbnail\" src=\"https:\/\/coma-plongee.com\/wp-content\/uploads\/2020\/07\/equilibre-1-150x150.jpg\" alt=\"equilibre\" width=\"150\" height=\"150\" \/><\/p>\n<p>En accord avec la boutique <strong>PLONGEQUILIBRE<\/strong> les adh\u00e9rents du Coma Plong\u00e9e\u00a0peuvent b\u00e9n\u00e9ficier d\u2019une remise de <em><strong>-10 % sur l\u2019ensemble du magasin<\/strong> <\/em>sauf appareil photo et vid\u00e9o.\u00a0Pour b\u00e9n\u00e9ficier de la r\u00e9duction, il suffit tout simplement de pr\u00e9senter sa licence.<\/p>\n<h4><span style=\"color: #000000; font-family: Calibri;\">Retrouvez toutes les informations commerciales sur le site internet\u00a0de notre partenaire. <\/span><\/h4>\n<h5><span style=\"color: #3366ff; text-decoration: underline;\"><a style=\"color: #3366ff; text-decoration: underline;\" href=\"http:\/\/www.boutiqueplongequilibre.com\">http:\/\/www.boutiqueplongequilibre.com<\/a><\/span><\/h5>\n<h2><strong>FADIS <\/strong><\/h2>\n<h4><strong><em>70 rue Henri Barbusse 92 000 Nanterre (RER A Arr\u00eat Nanterre-Ville)<\/em><\/strong><\/h4>\n<h4><span style=\"color: #000000; font-family: Calibri;\">Retrouvez toutes les informations commerciales sur le site internet de notre partenaire. <\/span><\/h4>\n<h5><span style=\"color: #3366ff; text-decoration: underline;\"><a style=\"color: #3366ff; text-decoration: underline;\" href=\"https:\/\/www.fadis-diving.fr\/boutique-fadis-diving\/\">https:\/\/www.fadis-diving.fr\/boutique-fadis-diving<\/a><\/span><\/h5>\n<h2><strong>PYXEOS<\/strong><\/h2>\n<h4><em><strong>Agence de communication audiovisuelle cr\u00e9ative\u00a0<\/strong><\/em><\/h4>\n<p><img loading=\"lazy\" decoding=\"async\" class=\"alignleft wp-image-1002 size-medium\" src=\"https:\/\/coma-plongee.com\/wp-content\/uploads\/2020\/07\/PYXEOS-300x86.jpg\" alt=\"PYXEOS\" width=\"300\" height=\"86\" \/><\/p>\n<p>Ce sont de vrais passionn\u00e9s de plong\u00e9e sous-marine ainsi que d&#8217;images. Vous trouverez sur ce lien une de leur r\u00e9alisation lors d&#8217;un voyage au Mexique avec le COMA Plong\u00e9e.<\/p>\n<p><span style=\"color: #0000ff; text-decoration: underline;\"><a style=\"color: #0000ff; text-decoration: underline;\" href=\"https:\/\/www.youtube.com\/watch?v=P-DSG-il32M\">\u00a0https:\/\/www.youtube.com\/watch?v=P-DSG-il32M<\/a><\/span><\/p>\n<p>Retrouvez les\u00a0productions\u00a0sur le site internet\u00a0de\u00a0PYXEOS<br \/>\n<a href=\"http:\/\/www.pyxeos.com\/agence\"><span style=\"color: #3366ff; text-decoration: underline;\">http:\/\/www.pyxeos.com\/agence<\/span><\/a><\/p>\n<\/div>\n","protected":false},"excerpt":{"rendered":"<p class=\"lead\">Partenariats PLONGEQUILIBRE 84 rue du Rocher 75008 PARIS\u00a0 pr\u00e8s de la gare St Lazare (10 minutes \u00e0 pieds ) ou M\u00e9tro Villiers En accord avec la boutique PLONGEQUILIBRE les adh\u00e9rents du Coma Plong\u00e9e\u00a0peuvent b\u00e9n\u00e9ficier d\u2019une remise de -10 % sur l\u2019ensemble du magasin sauf appareil photo et vid\u00e9o.\u00a0Pour b\u00e9n\u00e9ficier de la r\u00e9duction, il suffit tout simplement de pr\u00e9senter sa licence.&hellip;<\/p>\n<p class=\"more-link-p\"><a class=\"btn btn-danger\" href=\"https:\/\/coma-plongee.com\/?page_id=932\">Read more &rarr;<\/a><\/p>\n","protected":false},"author":7,"featured_media":0,"parent":3863,"menu_order":0,"comment_status":"closed","ping_status":"closed","template":"","meta":{"footnotes":""},"class_list":["post-932","page","type-page","status-publish","hentry"],"_links":{"self":[{"href":"https:\/\/coma-plongee.com\/index.php?rest_route=\/wp\/v2\/pages\/932","targetHints":{"allow":["GET"]}}],"collection":[{"href":"https:\/\/coma-plongee.com\/index.php?rest_route=\/wp\/v2\/pages"}],"about":[{"href":"https:\/\/coma-plongee.com\/index.php?rest_route=\/wp\/v2\/types\/page"}],"author":[{"embeddable":true,"href":"https:\/\/coma-plongee.com\/index.php?rest_route=\/wp\/v2\/users\/7"}],"replies":[{"embeddable":true,"href":"https:\/\/coma-plongee.com\/index.php?rest_route=%2Fwp%2Fv2%2Fcomments&post=932"}],"version-history":[{"count":22,"href":"https:\/\/coma-plongee.com\/index.php?rest_route=\/wp\/v2\/pages\/932\/revisions"}],"predecessor-version":[{"id":4735,"href":"https:\/\/coma-plongee.com\/index.php?rest_route=\/wp\/v2\/pages\/932\/revisions\/4735"}],"up":[{"embeddable":true,"href":"https:\/\/coma-plongee.com\/index.php?rest_route=\/wp\/v2\/pages\/3863"}],"wp:attachment":[{"href":"https:\/\/coma-plongee.com\/index.php?rest_route=%2Fwp%2Fv2%2Fmedia&parent=932"}],"curies":[{"name":"wp","href":"https:\/\/api.w.org\/{rel}","templated":true}]}}