{"id":84,"date":"2014-05-07T12:22:40","date_gmt":"2014-05-07T11:22:40","guid":{"rendered":"https:\/\/coma-plongee.com\/?page_id=84"},"modified":"2025-06-29T10:27:53","modified_gmt":"2025-06-29T08:27:53","slug":"documents-telecharger","status":"publish","type":"page","link":"https:\/\/coma-plongee.com\/?page_id=84","title":{"rendered":"Documents \u00e0 t\u00e9l\u00e9charger"},"content":{"rendered":"<p><img loading=\"lazy\" decoding=\"async\" class=\"aligncenter size-full wp-image-712\" src=\"https:\/\/coma-plongee.com\/wp-content\/uploads\/2020\/07\/documents-\u00e0-t\u00e9l\u00e9charger.png\" alt=\"documents \u00e0 t\u00e9l\u00e9charger\" width=\"880\" height=\"300\" \/><\/p>\n<div class=\"wp-block-columns\">\n<div class=\"wp-block-column\">\n<p>&nbsp;<\/p>\n<p class=\"has-text-align-center\"><strong>Dossier d&#8217;inscription<\/strong><\/p>\n<div class=\"wp-block-image\">\n<figure class=\"aligncenter\"><a href=\"..\/wp-content\/uploads\/2025\/06\/dossier inscription coma 2025-2026.pdf\"><img loading=\"lazy\" decoding=\"async\" class=\"alignnone wp-image-4617 size-full\" title=\"Dossier d'inscription\" src=\"https:\/\/coma-plongee.com\/wp-content\/uploads\/2024\/04\/COMA-logo-dossier-inscription-2018-260x200-1-150x150-2.png\" alt=\"\" width=\"150\" height=\"150\" \/><\/a><\/figure>\n<\/div>\n<p class=\"has-text-align-center\"><strong>Mod\u00e8le de certificat m\u00e9dical<\/strong><\/p>\n<div class=\"wp-block-image\">\n<figure class=\"aligncenter\"><a href=\"..\/wp-content\/uploads\/2021\/06\/CACI-certificat-medical.pdf\" target=\"_blank\" rel=\"noreferrer noopener\"><img loading=\"lazy\" decoding=\"async\" class=\"alignnone wp-image-4662 size-full\" src=\"https:\/\/coma-plongee.com\/wp-content\/uploads\/2024\/08\/COMA-logo-ModeleCertificatMedical-260x200-1-150x150-2-transp.png\" alt=\"\" width=\"150\" height=\"150\" \/><\/a><\/figure>\n<\/div>\n<p class=\"has-text-align-center\"><strong>Autorisation parentale<\/strong><\/p>\n<div class=\"wp-block-image\">\n<figure class=\"aligncenter\"><a href=\"..\/wp-content\/uploads\/2020\/09\/Autorisation-Parentale.pdf\" target=\"_blank\" rel=\"noreferrer noopener\"><img loading=\"lazy\" decoding=\"async\" class=\"alignnone wp-image-4660 size-full\" src=\"https:\/\/coma-plongee.com\/wp-content\/uploads\/2024\/08\/COMA-logo-Autorisation-parentale-260x200-1-150x150-2-transp.png\" alt=\"\" width=\"150\" height=\"150\" \/><\/a><\/figure>\n<\/div>\n<\/div>\n<div class=\"wp-block-column\">\n<p class=\"has-text-align-center\"><strong>Tarifs des assurances<\/strong><\/p>\n<div class=\"wp-block-image\">\n<figure class=\"aligncenter\"><a href=\"..\/wp-content\/uploads\/2025\/06\/Fiche-AIA_Licencie-FFESSM_LafontAssurances-2024-2025.pdf\" target=\"_blank\" rel=\"noreferrer noopener\"><img loading=\"lazy\" decoding=\"async\" class=\"alignnone wp-image-4619 size-full\" src=\"https:\/\/coma-plongee.com\/wp-content\/uploads\/2024\/04\/COMA-logo-Tarifs_-_assurances-2024-260x200-1-150x150-1.png\" alt=\"\" width=\"150\" height=\"150\" \/><\/a><\/figure>\n<\/div>\n<p class=\"has-text-align-center\"><strong>Informations pratiques<\/strong><\/p>\n<div class=\"wp-block-image\">\n<figure class=\"aligncenter\"><a href=\"..\/wp-content\/uploads\/2025\/06\/Infos-pratiques.pdf\" target=\"_blank\" rel=\"noreferrer noopener\"><img loading=\"lazy\" decoding=\"async\" class=\"alignnone wp-image-4661 size-full\" src=\"https:\/\/coma-plongee.com\/wp-content\/uploads\/2024\/08\/COMA-logo-Informations_pratiques-260x200-1-150x150-2-transp.png\" alt=\"\" width=\"150\" height=\"150\" \/><\/a><\/figure>\n<\/div>\n<p class=\"has-text-align-center\"><strong>\u00a0 R\u00e9servation de mat\u00e9riel<\/strong><\/p>\n<div class=\"wp-block-image\">\n<figure class=\"aligncenter\"><a href=\"..\/wp-content\/uploads\/2025\/06\/Demande de pr\u00eat hors club.docx\" target=\"_blank\" rel=\"noreferrer noopener\"><img loading=\"lazy\" decoding=\"async\" class=\"alignnone wp-image-4666 size-full\" src=\"https:\/\/coma-plongee.com\/wp-content\/uploads\/2024\/08\/COMA-logo-ReservationMateriel-260x200-1-150x150-2-transp.png\" alt=\"\" width=\"150\" height=\"150\" \/><\/a><\/figure>\n<\/div>\n<\/div>\n<\/div>\n<p>&nbsp;<\/p>\n<p>&nbsp;<\/p>\n","protected":false},"excerpt":{"rendered":"<p class=\"lead\">&nbsp; Dossier d&#8217;inscription Mod\u00e8le de certificat m\u00e9dical Autorisation parentale Tarifs des assurances Informations pratiques \u00a0 R\u00e9servation de mat\u00e9riel &nbsp; &nbsp;<\/p>\n<p class=\"more-link-p\"><a class=\"btn btn-danger\" href=\"https:\/\/coma-plongee.com\/?page_id=84\">Read more &rarr;<\/a><\/p>\n","protected":false},"author":7,"featured_media":0,"parent":3863,"menu_order":1,"comment_status":"closed","ping_status":"closed","template":"","meta":{"footnotes":""},"class_list":["post-84","page","type-page","status-publish","hentry"],"_links":{"self":[{"href":"https:\/\/coma-plongee.com\/index.php?rest_route=\/wp\/v2\/pages\/84","targetHints":{"allow":["GET"]}}],"collection":[{"href":"https:\/\/coma-plongee.com\/index.php?rest_route=\/wp\/v2\/pages"}],"about":[{"href":"https:\/\/coma-plongee.com\/index.php?rest_route=\/wp\/v2\/types\/page"}],"author":[{"embeddable":true,"href":"https:\/\/coma-plongee.com\/index.php?rest_route=\/wp\/v2\/users\/7"}],"replies":[{"embeddable":true,"href":"https:\/\/coma-plongee.com\/index.php?rest_route=%2Fwp%2Fv2%2Fcomments&post=84"}],"version-history":[{"count":120,"href":"https:\/\/coma-plongee.com\/index.php?rest_route=\/wp\/v2\/pages\/84\/revisions"}],"predecessor-version":[{"id":4741,"href":"https:\/\/coma-plongee.com\/index.php?rest_route=\/wp\/v2\/pages\/84\/revisions\/4741"}],"up":[{"embeddable":true,"href":"https:\/\/coma-plongee.com\/index.php?rest_route=\/wp\/v2\/pages\/3863"}],"wp:attachment":[{"href":"https:\/\/coma-plongee.com\/index.php?rest_route=%2Fwp%2Fv2%2Fmedia&parent=84"}],"curies":[{"name":"wp","href":"https:\/\/api.w.org\/{rel}","templated":true}]}}