{"id":268,"date":"2014-05-20T12:08:23","date_gmt":"2014-05-20T11:08:23","guid":{"rendered":"https:\/\/coma-plongee.com\/?page_id=268"},"modified":"2020-07-20T00:21:09","modified_gmt":"2020-07-19T22:21:09","slug":"journal-du-club","status":"publish","type":"page","link":"https:\/\/coma-plongee.com\/?page_id=268","title":{"rendered":"Journal du club"},"content":{"rendered":"\n<div class=\"wp-block-group\"><div class=\"wp-block-group__inner-container is-layout-flow wp-block-group-is-layout-flow\">\n<div class=\"wp-block-group\"><div class=\"wp-block-group__inner-container is-layout-flow wp-block-group-is-layout-flow\">\n<h1 style=\"text-align: center;\"><strong>GLOUPS : le journal du club<\/strong><\/h1>\n<p><img loading=\"lazy\" decoding=\"async\" class=\"aligncenter size-full wp-image-717\" src=\"https:\/\/coma-plongee.com\/wp-content\/uploads\/2020\/07\/gloups.png\" alt=\"gloups\" width=\"880\" height=\"300\" \/><\/p>\n<div style=\"text-align: justify; padding-left: 60px; padding-right: 60px;\">\n<p><strong>Le GLOUPS est le journal du club, \u00e9crit par ses adh\u00e9rents. Il relate les activit\u00e9s sportives et la vie du club. Il est disponible en version papier et \u00e9lectronique.<\/strong><\/p>\n<p><strong>Le premier num\u00e9ro est paru en avril 1975.<\/strong><\/p>\n<p>Si vous souhaitez lire les derniers num\u00e9ros du GLOUPS, cliquez sur les liens ci-dessous.<\/p>\n<\/div>\n<\/div><\/div>\n<\/div><\/div>\n\n\n\n<h1 class=\"has-text-align-center wp-block-heading\"><span class=\"has-inline-color has-vivid-cyan-blue-color\"><strong>2013<\/strong><\/span><\/h1>\n\n\n\n<div class=\"wp-block-columns is-layout-flex wp-container-core-columns-is-layout-9d6595d7 wp-block-columns-is-layout-flex\">\n<div class=\"wp-block-column is-layout-flow wp-block-column-is-layout-flow\">\n<h2 class=\"has-text-align-center wp-block-heading\"><a href=\"https:\/\/coma-plongee.com\/wp-content\/uploads\/2020\/07\/Gloups96-decembre2013-Internet.pdf\" target=\"_blank\" rel=\"noreferrer noopener\"><strong>Gloups n\u00b0 96<\/strong><\/a><\/h2>\n\n\n\n<div class=\"wp-block-image\"><figure class=\"aligncenter\"><a href=\"https:\/\/coma-plongee.com\/wp-content\/uploads\/2020\/07\/Gloups96-decembre2013-Internet.pdf\" target=\"_blank\" rel=\"noreferrer noopener\"><img decoding=\"async\" src=\"https:\/\/coma-plongee.com\/wp-content\/uploads\/2020\/07\/Gloups96-decembre2013-couverture200.jpg\" alt=\"Gloups93-fevrier2012-couverture200\" class=\"wp-image-288\"\/><\/a><\/figure><\/div>\n\n\n\n<p><\/p>\n<\/div>\n\n\n\n<div class=\"wp-block-column is-layout-flow wp-block-column-is-layout-flow\">\n<h2 class=\"has-text-align-center wp-block-heading\"><a href=\"https:\/\/coma-plongee.com\/wp-content\/uploads\/2020\/07\/Gloups95-janvier2013-Internet.pdf\" target=\"_blank\" rel=\"noreferrer noopener\"><strong>Gloups n\u00b0 95<\/strong><\/a><\/h2>\n\n\n\n<div class=\"wp-block-image\"><figure class=\"aligncenter\"><a href=\"https:\/\/coma-plongee.com\/wp-content\/uploads\/2020\/07\/Gloups95-janvier2013-Internet.pdf\" target=\"_blank\" rel=\"noreferrer noopener\"><img decoding=\"async\" src=\"https:\/\/coma-plongee.com\/wp-content\/uploads\/2020\/07\/Gloups95-janvier2013-couverture200.jpg\" alt=\"Gloups93-fevrier2012-couverture200\" class=\"wp-image-288\"\/><\/a><\/figure><\/div>\n\n\n\n<p><\/p>\n<\/div>\n<\/div>\n\n\n\n<h1 class=\"has-text-align-center wp-block-heading\"><span class=\"has-inline-color has-vivid-cyan-blue-color\"><strong>2012<\/strong><\/span><\/h1>\n\n\n\n<div class=\"wp-block-columns is-layout-flex wp-container-core-columns-is-layout-9d6595d7 wp-block-columns-is-layout-flex\">\n<div class=\"wp-block-column is-layout-flow wp-block-column-is-layout-flow\">\n<h2 class=\"has-text-align-center wp-block-heading\"><a rel=\"noreferrer noopener\" href=\"https:\/\/coma-plongee.com\/wp-content\/uploads\/2020\/07\/Gloups94-juin2012-Internet.pdf\" target=\"_blank\"><strong>Gloups n\u00b0 94<\/strong><\/a><\/h2>\n\n\n\n<div class=\"wp-block-image\"><figure class=\"aligncenter\"><a href=\"https:\/\/coma-plongee.com\/wp-content\/uploads\/2020\/07\/Gloups94-juin2012-Internet.pdf\" target=\"_blank\" rel=\"noreferrer noopener\"><img decoding=\"async\" src=\"https:\/\/coma-plongee.com\/wp-content\/uploads\/2020\/07\/Gloups94-juin2012-couverture200.jpg\" alt=\"Gloups93-fevrier2012-couverture200\" class=\"wp-image-288\"\/><\/a><\/figure><\/div>\n<\/div>\n\n\n\n<div class=\"wp-block-column is-layout-flow wp-block-column-is-layout-flow\">\n<h2 class=\"has-text-align-center wp-block-heading\"><a rel=\"noreferrer noopener\" href=\"https:\/\/coma-plongee.com\/wp-content\/uploads\/2020\/07\/Gloups93-fevrier2012-Internet.pdf\" target=\"_blank\"><strong>Gloups n\u00b0 93<\/strong><\/a><\/h2>\n\n\n\n<div class=\"wp-block-image\"><figure class=\"aligncenter\"><a href=\"https:\/\/coma-plongee.com\/wp-content\/uploads\/2020\/07\/Gloups93-fevrier2012-Internet.pdf\" target=\"_blank\" rel=\"noreferrer noopener\"><img decoding=\"async\" src=\"https:\/\/coma-plongee.com\/wp-content\/uploads\/2020\/07\/Gloups93-fevrier2012-couverture200.jpg\" alt=\"Gloups93-fevrier2012-couverture200\" class=\"wp-image-288\"\/><\/a><\/figure><\/div>\n<\/div>\n<\/div>\n\n\n\n<div class=\"wp-block-group\"><div class=\"wp-block-group__inner-container is-layout-flow wp-block-group-is-layout-flow\">\n<div class=\"wp-block-columns is-layout-flex wp-container-core-columns-is-layout-9d6595d7 wp-block-columns-is-layout-flex\">\n<div class=\"wp-block-column is-layout-flow wp-block-column-is-layout-flow\" style=\"flex-basis:33.33%\">\n<p><\/p>\n<\/div>\n\n\n\n<div class=\"wp-block-column is-layout-flow wp-block-column-is-layout-flow\" style=\"flex-basis:66.66%\">\n<p><\/p>\n<\/div>\n<\/div>\n<\/div><\/div>\n\n\n\n<p><\/p>\n","protected":false},"excerpt":{"rendered":"<p class=\"lead\">GLOUPS : le journal du club Le GLOUPS est le journal du club, \u00e9crit par ses adh\u00e9rents. Il relate les activit\u00e9s sportives et la vie du club. Il est disponible en version papier et \u00e9lectronique. Le premier num\u00e9ro est paru en avril 1975. Si vous souhaitez lire les derniers num\u00e9ros du GLOUPS, cliquez sur les liens ci-dessous. 2013 Gloups n\u00b0&hellip;<\/p>\n<p class=\"more-link-p\"><a class=\"btn btn-danger\" href=\"https:\/\/coma-plongee.com\/?page_id=268\">Read more &rarr;<\/a><\/p>\n","protected":false},"author":7,"featured_media":0,"parent":0,"menu_order":0,"comment_status":"closed","ping_status":"closed","template":"","meta":{"footnotes":""},"class_list":["post-268","page","type-page","status-publish","hentry"],"_links":{"self":[{"href":"https:\/\/coma-plongee.com\/index.php?rest_route=\/wp\/v2\/pages\/268","targetHints":{"allow":["GET"]}}],"collection":[{"href":"https:\/\/coma-plongee.com\/index.php?rest_route=\/wp\/v2\/pages"}],"about":[{"href":"https:\/\/coma-plongee.com\/index.php?rest_route=\/wp\/v2\/types\/page"}],"author":[{"embeddable":true,"href":"https:\/\/coma-plongee.com\/index.php?rest_route=\/wp\/v2\/users\/7"}],"replies":[{"embeddable":true,"href":"https:\/\/coma-plongee.com\/index.php?rest_route=%2Fwp%2Fv2%2Fcomments&post=268"}],"version-history":[{"count":17,"href":"https:\/\/coma-plongee.com\/index.php?rest_route=\/wp\/v2\/pages\/268\/revisions"}],"predecessor-version":[{"id":4144,"href":"https:\/\/coma-plongee.com\/index.php?rest_route=\/wp\/v2\/pages\/268\/revisions\/4144"}],"wp:attachment":[{"href":"https:\/\/coma-plongee.com\/index.php?rest_route=%2Fwp%2Fv2%2Fmedia&parent=268"}],"curies":[{"name":"wp","href":"https:\/\/api.w.org\/{rel}","templated":true}]}}