{"id":100,"date":"2014-05-07T12:35:45","date_gmt":"2014-05-07T11:35:45","guid":{"rendered":"https:\/\/coma-plongee.com\/?page_id=100"},"modified":"2014-05-07T12:35:45","modified_gmt":"2014-05-07T11:35:45","slug":"histoire-du-club","status":"publish","type":"page","link":"https:\/\/coma-plongee.com\/?page_id=100","title":{"rendered":"Histoire du club"},"content":{"rendered":"<div id=\"metaslider-id-470\" style=\"width: 100%;\" class=\"ml-slider-3-106-0 metaslider metaslider-flex metaslider-470 ml-slider has-dots-nav ml-slider-lightbox-2-22-0 lightbox-disabled ms-theme-default\" role=\"region\" aria-label=\"Histoire du club\" data-height=\"300\" data-width=\"880\">\n    <div id=\"metaslider_container_470\">\n        <div id=\"metaslider_470\">\n            <ul class='slides'>\n                <li style=\"display: block; width: 100%;\" class=\"slide-468 ms-image \" aria-roledescription=\"slide\" data-date=\"2014-06-12 00:55:47\" data-filename=\"hist5-1.jpg\" data-slide-type=\"image\"><img loading=\"lazy\" decoding=\"async\" src=\"https:\/\/coma-plongee.com\/wp-content\/uploads\/2020\/07\/hist5-1.jpg\" height=\"300\" width=\"880\" alt=\"\" class=\"slider-470 slide-468 msDefaultImage\" \/><\/li>\n                <li style=\"display: none; width: 100%;\" class=\"slide-464 ms-image \" aria-roledescription=\"slide\" data-date=\"2014-06-12 00:54:50\" data-filename=\"hist1-1.jpg\" data-slide-type=\"image\"><img loading=\"lazy\" decoding=\"async\" src=\"https:\/\/coma-plongee.com\/wp-content\/uploads\/2020\/07\/hist1-1.jpg\" height=\"300\" width=\"880\" alt=\"\" class=\"slider-470 slide-464 msDefaultImage\" \/><\/li>\n                <li style=\"display: none; width: 100%;\" class=\"slide-466 ms-image \" aria-roledescription=\"slide\" data-date=\"2014-06-12 00:55:30\" data-filename=\"hist3-1.jpg\" data-slide-type=\"image\"><img loading=\"lazy\" decoding=\"async\" src=\"https:\/\/coma-plongee.com\/wp-content\/uploads\/2020\/07\/hist3-1.jpg\" height=\"300\" width=\"880\" alt=\"\" class=\"slider-470 slide-466 msDefaultImage\" \/><\/li>\n            <\/ul>\n        <\/div>\n        \n    <\/div>\n<\/div>\n<h1 style=\"padding-left: 60px; padding-right: 60px; text-align: center;\"><strong>Notre Club poss\u00e8de une histoire qui en int\u00e9ressera plus d&#8217;un !<\/strong><\/h1>\n<h2 style=\"padding-left: 60px; padding-right: 60px; text-align: center;\"><strong>Revenons ensemble sur plus de 40 ans de vie associative\u2026<\/strong><\/h2>\n<div style=\"text-align: justify; padding-left: 60px; padding-right: 60px;\">\n<p><strong>11 janvier 1969<\/strong>\u00a0: inauguration de la piscine Youri Gagarine.<\/p>\n<p><strong>Septembre 1969<\/strong>\u00a0: cr\u00e9ation de la section plong\u00e9e au sein du COMA. 1<sup>er<\/sup>\u00a0pr\u00e9sident Pierre Belleville.<\/p>\n<p><strong>01 juillet 1970<\/strong>\u00a0: 1<sup>er<\/sup>\u00a0r\u00e8glement int\u00e9rieur adopt\u00e9 en AG + enregistrement \u00e0 la FFESSM.<\/p>\n<p><strong>Avril 1975<\/strong>\u00a0: 1<sup>er<\/sup>\u00a0GLOUPS (journal de la section Plong\u00e9e).<\/p>\n<p><strong>Juin 1975<\/strong>\u00a0: Sortie \u00e0 l\u2019Ile de Groix.<\/p>\n<p><strong>Mars 1976<\/strong>\u00a0: Achat du 1<sup>er<\/sup>\u00a0compresseur, \u00e0 essence (ex. arm\u00e9e de marque Ingersoll Rand ramen\u00e9 de Belgique en remorquage par auto, gonflage en plein air par le gars du matos Jean Lemoine). Auparavant le gonflage s\u2019effectuait \u00e0 la MJC de Saint Gratien avec un tout petit compresseur (gal\u00e8re de manutention et transport en voiture perso). Au m\u00eame moment, fabrication de la potence des bapt\u00eames et des chariots oranges.<\/p>\n<p>La m\u00eame ann\u00e9e, le club conna\u00eet une grande r\u00e9organisation et les premiers moniteurs dipl\u00f4m\u00e9s arrivent.<\/p>\n<p><strong>Novembre 1977<\/strong>\u00a0: 1<sup>\u00e8re<\/sup>\u00a0descente de rivi\u00e8re. Suivront de nombreuses sorties \u00e0 Cl\u00e9cy dans l\u2019Orne d\u00e8s le niveau 1.<\/p>\n<p>Le club se r\u00e9unit en fin de soir\u00e9e \u00e0 l\u2019Interstop rue Marceau Guillot.<\/p>\n<p><strong>Mai 1978\u00a0<\/strong>: 2\u00e8me sortie \u00e0 Camaret ; 3 MF1 sont pr\u00e9sents dont Philippe Rousseau.<\/p>\n<p><strong>Courant 1978\u00a0<\/strong>: Travaux \u00e0 la piscine et s\u00e9jour \u00e0 Eaubonne, en int\u00e9rim.<\/p>\n<p><strong>Septembre 1979<\/strong>\u00a0: Le club atteint les 100 adh\u00e9rents. Fosse \u00e0 Gennevilliers apr\u00e8s Charenton car Villeneuve n\u2019existe pas encore \u00e0 l\u2019\u00e9poque. 1<sup>er<\/sup>\u00a0bal annuel masqu\u00e9, 1<sup>er<\/sup>\u00a0m\u00e9choui.<\/p>\n<p><strong>Juin 1979<\/strong>\u00a0: Achat du 2<sup>\u00e8me<\/sup> compresseur en remplacement du premier, \u00e0 l\u2019initiative de Ren\u00e9 Beretz et de Pierre Larrouy : chacun donne de sa poche pour l\u2019achat, le reste en emprunt (dur de l\u2019obtenir). En sortie dans le sud, le club fait naufrage en bateau et a le droit \u00e0 un article dans la presse locale. Retour \u00e0 la palme. Ren\u00e9 Beretz et Jean Jacques Gauthier devenu BEES2 quittent le club et fondent le CISN \u00e0 Eaubonne sp\u00e9cialis\u00e9 dans l\u2019enseignement de la plong\u00e9e enfants. Du coup, le club met en place une formation pour assurer la rel\u00e8ve avec des cours de niveau IV (deuxi\u00e8me \u00e9chelon \u00e0 l\u2019\u00e9poque) puis MF1 (ex moniteur auxiliaire). Les niveaux se passent un peu en sortie, un peu en stage \u00e0 Camaret, aux Gl\u00e9nans ou pendant les cong\u00e9s d\u2019\u00e9t\u00e9. A partir de 1980 et dans les ann\u00e9es suivantes, de nombreux moniteurs sont form\u00e9s : Pierre Egarteler, Yannick Diakoff, Thierry Canac, Pascal Herpin, Max Zanin (MF1 au CIP Gl\u00e9nans) ; Bertrand Dupays et Christophe Lejeune (BEES 1) ; les fr\u00e8res Carreira, Ren\u00e9 Mari\u00e9, Norredine (Niv. 4).<\/p>\n<p><strong>Mai 1985<\/strong>\u00a0: A l&#8217;initiative de Bertrand Dupays, le club lance le cross des plongeurs \u00e0 Cergy au niveau d\u00e9partemental. Un biathlon &#8211; nage et v\u00e9lo &#8211; est lanc\u00e9 peu apr\u00e8s par le cub, toujours \u00e0 Cergy.<\/p>\n<p><strong>Juillet \/ Ao\u00fbt 1985<\/strong>\u00a0: Lancement d\u2019une campagne de bapt\u00eames gratuits \u00e0 la piscine. En tout, plus de 1\u00a0000 bapt\u00eames seront effectu\u00e9s sur plusieurs saisons.<\/p>\n<p><strong>Novembre 1986<\/strong>\u00a0: 1<sup>\u00e8re<\/sup> sortie \u00e0 l\u2019\u00e9tranger, \u00e0 Charm Al Sheikh, Egypte : les premiers \u00e0 avoir connu la Mer Rouge en 1976 \u00e9taient d\u00e9j\u00e0 surpris des constructions.<\/p>\n<p><strong>Ao\u00fbt 1990\u00a0<\/strong>: Sortie aux Maldives. 3 semaines dont 1 de tourisme au Sri Lanka.<\/p>\n<p><strong>Juin 1994<\/strong>\u00a0: Grande soir\u00e9e pour les 25 ans de la section, avec remise d\u2019une m\u00e9daille \u00e0 chaque adh\u00e9rent.<\/p>\n<p><strong>Juin 1995<\/strong>\u00a0: Inauguration du centre nautique avec l\u2019ouverture d\u2019un 2<sup>\u00e8me<\/sup> bassin et d\u2019une fosse de 10 m.<\/p>\n<p><strong>Courant 2002\u00a0<\/strong>: La section plong\u00e9e devient une association, membre du club f\u00e9d\u00e9rateur du COMA. Nouveau r\u00e8glement int\u00e9rieur. Une nouvelle \u00e9quipe prend la rel\u00e8ve de Ren\u00e9 Lustre dans la r\u00e9daction du Gloups et adopte une nouvelle maquette en couleur.<\/p>\n<p><strong>Septembre 2003<\/strong>\u00a0: Le club participe pour la 1<sup>\u00e8re<\/sup> fois au forum des associations. Les sorties en Egypte se multiplient.<\/p>\n<p><strong>Septembre 2007\u00a0<\/strong>: Cr\u00e9ation d\u2019une section handisport \u00e0 l&#8217;initiative de Pascal Maignant. 1<sup>ers<\/sup> bapt\u00eames de plong\u00e9e lors du forum des associations dans un bassin mobile.<\/p>\n<p><strong>Courant\u00a02013\/2014\u00a0<\/strong>:\u00a0Formation de 12 initiateurs en Apn\u00e9e.Magnifique voyage en Martinique<\/p>\n<p><strong>Septembre 2014 <\/strong>: Cr\u00e9ation d\u2019une section Apn\u00e9e.Mise en place d&#8217;une nouvelle disipline, la Plong\u00e9e Sportive en Piscine (PSP)\u00a0combin\u00e9 de differentes disciplines aquatiques<\/p>\n<p>&nbsp;<\/p>\n<p>Depuis la cr\u00e9ation du club, 10 pr\u00e9sidents se sont succ\u00e9d\u00e9s.<\/p>\n<p>Et l\u2019histoire continue\u2026\u2026<\/p>\n<p>&nbsp;<\/p>\n<p>&nbsp;<\/p>\n<p><iframe loading=\"lazy\" src=\"\/\/player.vimeo.com\/video\/98413409?title=0&amp;byline=0\" width=\"500\" height=\"281\" frameborder=\"0\" allowfullscreen=\"allowfullscreen\"><\/iframe><\/p>\n<\/div>\n","protected":false},"excerpt":{"rendered":"<p class=\"lead\">Notre Club poss\u00e8de une histoire qui en int\u00e9ressera plus d&#8217;un ! Revenons ensemble sur plus de 40 ans de vie associative\u2026 11 janvier 1969\u00a0: inauguration de la piscine Youri Gagarine. Septembre 1969\u00a0: cr\u00e9ation de la section plong\u00e9e au sein du COMA. 1er\u00a0pr\u00e9sident Pierre Belleville. 01 juillet 1970\u00a0: 1er\u00a0r\u00e8glement int\u00e9rieur adopt\u00e9 en AG + enregistrement \u00e0 la FFESSM. Avril 1975\u00a0: 1er\u00a0GLOUPS&hellip;<\/p>\n<p class=\"more-link-p\"><a class=\"btn btn-danger\" href=\"https:\/\/coma-plongee.com\/?page_id=100\">Read more &rarr;<\/a><\/p>\n","protected":false},"author":7,"featured_media":0,"parent":0,"menu_order":1,"comment_status":"closed","ping_status":"closed","template":"","meta":{"footnotes":""},"class_list":["post-100","page","type-page","status-publish","hentry"],"_links":{"self":[{"href":"https:\/\/coma-plongee.com\/index.php?rest_route=\/wp\/v2\/pages\/100","targetHints":{"allow":["GET"]}}],"collection":[{"href":"https:\/\/coma-plongee.com\/index.php?rest_route=\/wp\/v2\/pages"}],"about":[{"href":"https:\/\/coma-plongee.com\/index.php?rest_route=\/wp\/v2\/types\/page"}],"author":[{"embeddable":true,"href":"https:\/\/coma-plongee.com\/index.php?rest_route=\/wp\/v2\/users\/7"}],"replies":[{"embeddable":true,"href":"https:\/\/coma-plongee.com\/index.php?rest_route=%2Fwp%2Fv2%2Fcomments&post=100"}],"version-history":[{"count":0,"href":"https:\/\/coma-plongee.com\/index.php?rest_route=\/wp\/v2\/pages\/100\/revisions"}],"wp:attachment":[{"href":"https:\/\/coma-plongee.com\/index.php?rest_route=%2Fwp%2Fv2%2Fmedia&parent=100"}],"curies":[{"name":"wp","href":"https:\/\/api.w.org\/{rel}","templated":true}]}}